{"id":123,"date":"2022-10-10T14:46:42","date_gmt":"2022-10-10T14:46:42","guid":{"rendered":"http:\/\/www.rumpustikistyle.com\/?post_type=product&#038;p=123"},"modified":"2022-11-22T16:18:39","modified_gmt":"2022-11-22T16:18:39","slug":"tiki-lampa","status":"publish","type":"product","link":"https:\/\/www.rumpustikistyle.com\/en\/product\/tiki-lampa\/","title":{"rendered":"Tiki L\u00e1mpa"},"content":{"rendered":"<p>A tiki kult\u00fara meghat\u00e1roz\u00f3 darabja az \u00fcveg\u00fasz\u00f3! Ezt<br \/>\nszimboliz\u00e1lja ez az egyedi l\u00e1mpa, melynek festett plexi b\u00far\u00e1j\u00e1ban E27<br \/>\nfoglalat\u00fa LED izz\u00f3 vil\u00e1g\u00edt, a b\u00fara k\u00f6r\u00e9 k\u00e9zzel sz\u0151tt kender k\u00f6t\u00e9l, mint<br \/>\nhal\u00e1szh\u00e1l\u00f3 jelenik meg.<\/p>","protected":false},"excerpt":{"rendered":"<p>A tiki kult\u00fara meghat\u00e1roz\u00f3 darabja az \u00fcveg\u00fasz\u00f3! Ezt<br \/>\nszimboliz\u00e1lja ez az egyedi l\u00e1mpa, melynek festett plexi b\u00far\u00e1j\u00e1ban E27<br \/>\nfoglalat\u00fa LED izz\u00f3 vil\u00e1g\u00edt, a b\u00fara k\u00f6r\u00e9 k\u00e9zzel sz\u0151tt kender k\u00f6t\u00e9l, mint<br \/>\nhal\u00e1szh\u00e1l\u00f3 jelenik meg.<\/p>","protected":false},"featured_media":119,"template":"","meta":[],"product_brand":[],"product_cat":[39],"product_tag":[],"class_list":{"0":"post-123","1":"product","2":"type-product","3":"status-publish","4":"has-post-thumbnail","6":"product_cat-tiki-lampa","8":"first","9":"instock","10":"shipping-taxable","11":"purchasable","12":"product-type-simple"},"_links":{"self":[{"href":"https:\/\/www.rumpustikistyle.com\/en\/wp-json\/wp\/v2\/product\/123","targetHints":{"allow":["GET"]}}],"collection":[{"href":"https:\/\/www.rumpustikistyle.com\/en\/wp-json\/wp\/v2\/product"}],"about":[{"href":"https:\/\/www.rumpustikistyle.com\/en\/wp-json\/wp\/v2\/types\/product"}],"wp:featuredmedia":[{"embeddable":true,"href":"https:\/\/www.rumpustikistyle.com\/en\/wp-json\/wp\/v2\/media\/119"}],"wp:attachment":[{"href":"https:\/\/www.rumpustikistyle.com\/en\/wp-json\/wp\/v2\/media?parent=123"}],"wp:term":[{"taxonomy":"product_brand","embeddable":true,"href":"https:\/\/www.rumpustikistyle.com\/en\/wp-json\/wp\/v2\/product_brand?post=123"},{"taxonomy":"product_cat","embeddable":true,"href":"https:\/\/www.rumpustikistyle.com\/en\/wp-json\/wp\/v2\/product_cat?post=123"},{"taxonomy":"product_tag","embeddable":true,"href":"https:\/\/www.rumpustikistyle.com\/en\/wp-json\/wp\/v2\/product_tag?post=123"}],"curies":[{"name":"wp","href":"https:\/\/api.w.org\/{rel}","templated":true}]}}